{"id":25,"date":"2022-04-06T11:14:49","date_gmt":"2022-04-06T09:14:49","guid":{"rendered":"http:\/\/sabresconsulting.com\/?page_id=25"},"modified":"2022-06-26T08:40:08","modified_gmt":"2022-06-26T06:40:08","slug":"le-dirigeant","status":"publish","type":"page","link":"https:\/\/sabresconsulting.com\/index.php\/le-dirigeant\/","title":{"rendered":"LE DIRIGEANT"},"content":{"rendered":"\r\n<p>Charles Pellegrini<\/p>\r\n\r\n<p><img loading=\"lazy\" decoding=\"async\" class=\"size-medium wp-image-109 aligncenter\" src=\"http:\/\/sabresconsulting.com\/wp-content\/uploads\/2022\/06\/Charles-Pellegrini-2022-226x300.jpeg\" alt=\"\" width=\"226\" height=\"300\" srcset=\"https:\/\/sabresconsulting.com\/wp-content\/uploads\/2022\/06\/Charles-Pellegrini-2022-226x300.jpeg 226w, https:\/\/sabresconsulting.com\/wp-content\/uploads\/2022\/06\/Charles-Pellegrini-2022-771x1024.jpeg 771w, https:\/\/sabresconsulting.com\/wp-content\/uploads\/2022\/06\/Charles-Pellegrini-2022-768x1020.jpeg 768w, https:\/\/sabresconsulting.com\/wp-content\/uploads\/2022\/06\/Charles-Pellegrini-2022.jpeg 1096w\" sizes=\"auto, (max-width: 226px) 100vw, 226px\" \/><\/p>\r\n<p>Charles Pellegrini a longtemps \u00e9t\u00e9 au service de l\u2019Etat.<\/p>\r\n<p>Aujourd&#8217;hui, il conseille personnellement les dirigeants d\u2019entreprises dans la protection de leur patrimoine industriel et commercial, et le recrutement de leur top management.<br \/>Il intervient notamment dans les affaires li\u00e9es \u00e0 la malveillance, litiges, arbitrages, compliance.<\/p>\r\n<p>Ancien expert en s\u00fbret\u00e9 a\u00e9rienne, pilote priv\u00e9 avion et h\u00e9licopt\u00e8re, Charles Pellegrini est aussi l\u2019auteur de plusieurs ouvrages sur l\u2019\u00e9volution de la soci\u00e9t\u00e9 Fran\u00e7aise.<\/p>\r\n<h3>Bibliographie (quelques titres\u2026)<\/h3>\r\n<p><em>La France Vuln\u00e9rable : Terrorisme, criminalit\u00e9, cyber-attaques,<br \/><\/em>Editions L\u2019Artilleur, 2017<\/p>\r\n<p><em>Histoires d\u2019espions : Le renseignement \u00e0 l\u2019heure de l\u2019espionnage \u00e9conomique,<br \/><\/em>Editions La manufacture de livres, 2012.<\/p>\r\n<p><em>Banlieues en flammes<\/em>,<br \/>\u00c9ditions Anne Carri\u00e8re, 2005.<\/p>\r\n<p><em>Le FIS un danger pour la France,<br \/><\/em>\u00c9ditions n\u00b01, 1992.<br \/>Bien avant l\u2019attentat du RER \u00e0 Paris en 1995, ce livre interpelle sur l&#8217;irruption de l&#8217;islamisme int\u00e9griste en France.<\/p>\r\n<!-- \/wp:post-content -->","protected":false},"excerpt":{"rendered":"<p>Charles Pellegrini Charles Pellegrini a longtemps \u00e9t\u00e9 au service de l\u2019Etat. Aujourd&#8217;hui, il conseille personnellement les dirigeants d\u2019entreprises dans la protection de leur patrimoine industriel et commercial, et le recrutement de leur top management.Il intervient notamment dans les affaires li\u00e9es \u00e0 la malveillance, litiges, arbitrages, compliance. Ancien expert en s\u00fbret\u00e9 a\u00e9rienne, pilote priv\u00e9 avion et &hellip; <\/p>\n<p class=\"link-more\"><a href=\"https:\/\/sabresconsulting.com\/index.php\/le-dirigeant\/\" class=\"more-link\">Continue reading<span class=\"screen-reader-text\"> &#8220;LE DIRIGEANT&#8221;<\/span><\/a><\/p>\n","protected":false},"author":1,"featured_media":0,"parent":0,"menu_order":0,"comment_status":"closed","ping_status":"closed","template":"","meta":{"footnotes":""},"class_list":["post-25","page","type-page","status-publish","hentry"],"yoast_head":"<!-- This site is optimized with the Yoast SEO plugin v19.2 - https:\/\/yoast.com\/wordpress\/plugins\/seo\/ -->\n<title>LE DIRIGEANT - SABRES CONSULTING<\/title>\n<meta name=\"robots\" content=\"index, follow, max-snippet:-1, max-image-preview:large, max-video-preview:-1\" \/>\n<link rel=\"canonical\" href=\"https:\/\/sabresconsulting.com\/index.php\/le-dirigeant\/\" \/>\n<meta property=\"og:locale\" content=\"en_US\" \/>\n<meta property=\"og:type\" content=\"article\" \/>\n<meta property=\"og:title\" content=\"LE DIRIGEANT - SABRES CONSULTING\" \/>\n<meta property=\"og:description\" content=\"Charles Pellegrini Charles Pellegrini a longtemps \u00e9t\u00e9 au service de l\u2019Etat. Aujourd&#8217;hui, il conseille personnellement les dirigeants d\u2019entreprises dans la protection de leur patrimoine industriel et commercial, et le recrutement de leur top management.Il intervient notamment dans les affaires li\u00e9es \u00e0 la malveillance, litiges, arbitrages, compliance. Ancien expert en s\u00fbret\u00e9 a\u00e9rienne, pilote priv\u00e9 avion et &hellip; Continue reading &quot;LE DIRIGEANT&quot;\" \/>\n<meta property=\"og:url\" content=\"https:\/\/sabresconsulting.com\/index.php\/le-dirigeant\/\" \/>\n<meta property=\"og:site_name\" content=\"SABRES CONSULTING\" \/>\n<meta property=\"article:modified_time\" content=\"2022-06-26T06:40:08+00:00\" \/>\n<meta property=\"og:image\" content=\"http:\/\/sabresconsulting.com\/wp-content\/uploads\/2022\/06\/Charles-Pellegrini-2022-226x300.jpeg\" \/>\n<meta name=\"author\" content=\"admin1737\" \/>\n<meta name=\"twitter:card\" content=\"summary_large_image\" \/>\n<meta name=\"twitter:label1\" content=\"Est. reading time\" \/>\n\t<meta name=\"twitter:data1\" content=\"1 minute\" \/>\n<script type=\"application\/ld+json\" class=\"yoast-schema-graph\">{\"@context\":\"https:\/\/schema.org\",\"@graph\":[{\"@type\":\"Organization\",\"@id\":\"https:\/\/sabresconsulting.com\/#organization\",\"name\":\"SABRES CONSULTING\",\"url\":\"https:\/\/sabresconsulting.com\/\",\"sameAs\":[],\"logo\":{\"@type\":\"ImageObject\",\"inLanguage\":\"en-US\",\"@id\":\"https:\/\/sabresconsulting.com\/#\/schema\/logo\/image\/\",\"url\":\"http:\/\/sabresconsulting.com\/wp-content\/uploads\/2022\/05\/cropped-Logo-SABRES-Rouge-fe.png\",\"contentUrl\":\"http:\/\/sabresconsulting.com\/wp-content\/uploads\/2022\/05\/cropped-Logo-SABRES-Rouge-fe.png\",\"width\":512,\"height\":512,\"caption\":\"SABRES CONSULTING\"},\"image\":{\"@id\":\"https:\/\/sabresconsulting.com\/#\/schema\/logo\/image\/\"}},{\"@type\":\"WebSite\",\"@id\":\"https:\/\/sabresconsulting.com\/#website\",\"url\":\"https:\/\/sabresconsulting.com\/\",\"name\":\"SABRES CONSULTING\",\"description\":\"Analyse de Risques - Intelligence Economique\",\"publisher\":{\"@id\":\"https:\/\/sabresconsulting.com\/#organization\"},\"potentialAction\":[{\"@type\":\"SearchAction\",\"target\":{\"@type\":\"EntryPoint\",\"urlTemplate\":\"https:\/\/sabresconsulting.com\/?s={search_term_string}\"},\"query-input\":\"required name=search_term_string\"}],\"inLanguage\":\"en-US\"},{\"@type\":\"ImageObject\",\"inLanguage\":\"en-US\",\"@id\":\"https:\/\/sabresconsulting.com\/index.php\/le-dirigeant\/#primaryimage\",\"url\":\"https:\/\/sabresconsulting.com\/wp-content\/uploads\/2022\/06\/Charles-Pellegrini-2022.jpeg\",\"contentUrl\":\"https:\/\/sabresconsulting.com\/wp-content\/uploads\/2022\/06\/Charles-Pellegrini-2022.jpeg\",\"width\":1096,\"height\":1456},{\"@type\":\"WebPage\",\"@id\":\"https:\/\/sabresconsulting.com\/index.php\/le-dirigeant\/#webpage\",\"url\":\"https:\/\/sabresconsulting.com\/index.php\/le-dirigeant\/\",\"name\":\"LE DIRIGEANT - SABRES CONSULTING\",\"isPartOf\":{\"@id\":\"https:\/\/sabresconsulting.com\/#website\"},\"primaryImageOfPage\":{\"@id\":\"https:\/\/sabresconsulting.com\/index.php\/le-dirigeant\/#primaryimage\"},\"datePublished\":\"2022-04-06T09:14:49+00:00\",\"dateModified\":\"2022-06-26T06:40:08+00:00\",\"breadcrumb\":{\"@id\":\"https:\/\/sabresconsulting.com\/index.php\/le-dirigeant\/#breadcrumb\"},\"inLanguage\":\"en-US\",\"potentialAction\":[{\"@type\":\"ReadAction\",\"target\":[\"https:\/\/sabresconsulting.com\/index.php\/le-dirigeant\/\"]}]},{\"@type\":\"BreadcrumbList\",\"@id\":\"https:\/\/sabresconsulting.com\/index.php\/le-dirigeant\/#breadcrumb\",\"itemListElement\":[{\"@type\":\"ListItem\",\"position\":1,\"name\":\"Accueil\",\"item\":\"https:\/\/sabresconsulting.com\/\"},{\"@type\":\"ListItem\",\"position\":2,\"name\":\"LE DIRIGEANT\"}]}]}<\/script>\n<!-- \/ Yoast SEO plugin. -->","yoast_head_json":{"title":"LE DIRIGEANT - SABRES CONSULTING","robots":{"index":"index","follow":"follow","max-snippet":"max-snippet:-1","max-image-preview":"max-image-preview:large","max-video-preview":"max-video-preview:-1"},"canonical":"https:\/\/sabresconsulting.com\/index.php\/le-dirigeant\/","og_locale":"en_US","og_type":"article","og_title":"LE DIRIGEANT - SABRES CONSULTING","og_description":"Charles Pellegrini Charles Pellegrini a longtemps \u00e9t\u00e9 au service de l\u2019Etat. Aujourd&#8217;hui, il conseille personnellement les dirigeants d\u2019entreprises dans la protection de leur patrimoine industriel et commercial, et le recrutement de leur top management.Il intervient notamment dans les affaires li\u00e9es \u00e0 la malveillance, litiges, arbitrages, compliance. Ancien expert en s\u00fbret\u00e9 a\u00e9rienne, pilote priv\u00e9 avion et &hellip; Continue reading \"LE DIRIGEANT\"","og_url":"https:\/\/sabresconsulting.com\/index.php\/le-dirigeant\/","og_site_name":"SABRES CONSULTING","article_modified_time":"2022-06-26T06:40:08+00:00","og_image":[{"url":"http:\/\/sabresconsulting.com\/wp-content\/uploads\/2022\/06\/Charles-Pellegrini-2022-226x300.jpeg"}],"author":"admin1737","twitter_card":"summary_large_image","twitter_misc":{"Est. reading time":"1 minute"},"schema":{"@context":"https:\/\/schema.org","@graph":[{"@type":"Organization","@id":"https:\/\/sabresconsulting.com\/#organization","name":"SABRES CONSULTING","url":"https:\/\/sabresconsulting.com\/","sameAs":[],"logo":{"@type":"ImageObject","inLanguage":"en-US","@id":"https:\/\/sabresconsulting.com\/#\/schema\/logo\/image\/","url":"http:\/\/sabresconsulting.com\/wp-content\/uploads\/2022\/05\/cropped-Logo-SABRES-Rouge-fe.png","contentUrl":"http:\/\/sabresconsulting.com\/wp-content\/uploads\/2022\/05\/cropped-Logo-SABRES-Rouge-fe.png","width":512,"height":512,"caption":"SABRES CONSULTING"},"image":{"@id":"https:\/\/sabresconsulting.com\/#\/schema\/logo\/image\/"}},{"@type":"WebSite","@id":"https:\/\/sabresconsulting.com\/#website","url":"https:\/\/sabresconsulting.com\/","name":"SABRES CONSULTING","description":"Analyse de Risques - Intelligence Economique","publisher":{"@id":"https:\/\/sabresconsulting.com\/#organization"},"potentialAction":[{"@type":"SearchAction","target":{"@type":"EntryPoint","urlTemplate":"https:\/\/sabresconsulting.com\/?s={search_term_string}"},"query-input":"required name=search_term_string"}],"inLanguage":"en-US"},{"@type":"ImageObject","inLanguage":"en-US","@id":"https:\/\/sabresconsulting.com\/index.php\/le-dirigeant\/#primaryimage","url":"https:\/\/sabresconsulting.com\/wp-content\/uploads\/2022\/06\/Charles-Pellegrini-2022.jpeg","contentUrl":"https:\/\/sabresconsulting.com\/wp-content\/uploads\/2022\/06\/Charles-Pellegrini-2022.jpeg","width":1096,"height":1456},{"@type":"WebPage","@id":"https:\/\/sabresconsulting.com\/index.php\/le-dirigeant\/#webpage","url":"https:\/\/sabresconsulting.com\/index.php\/le-dirigeant\/","name":"LE DIRIGEANT - SABRES CONSULTING","isPartOf":{"@id":"https:\/\/sabresconsulting.com\/#website"},"primaryImageOfPage":{"@id":"https:\/\/sabresconsulting.com\/index.php\/le-dirigeant\/#primaryimage"},"datePublished":"2022-04-06T09:14:49+00:00","dateModified":"2022-06-26T06:40:08+00:00","breadcrumb":{"@id":"https:\/\/sabresconsulting.com\/index.php\/le-dirigeant\/#breadcrumb"},"inLanguage":"en-US","potentialAction":[{"@type":"ReadAction","target":["https:\/\/sabresconsulting.com\/index.php\/le-dirigeant\/"]}]},{"@type":"BreadcrumbList","@id":"https:\/\/sabresconsulting.com\/index.php\/le-dirigeant\/#breadcrumb","itemListElement":[{"@type":"ListItem","position":1,"name":"Accueil","item":"https:\/\/sabresconsulting.com\/"},{"@type":"ListItem","position":2,"name":"LE DIRIGEANT"}]}]}},"_links":{"self":[{"href":"https:\/\/sabresconsulting.com\/index.php\/wp-json\/wp\/v2\/pages\/25","targetHints":{"allow":["GET"]}}],"collection":[{"href":"https:\/\/sabresconsulting.com\/index.php\/wp-json\/wp\/v2\/pages"}],"about":[{"href":"https:\/\/sabresconsulting.com\/index.php\/wp-json\/wp\/v2\/types\/page"}],"author":[{"embeddable":true,"href":"https:\/\/sabresconsulting.com\/index.php\/wp-json\/wp\/v2\/users\/1"}],"replies":[{"embeddable":true,"href":"https:\/\/sabresconsulting.com\/index.php\/wp-json\/wp\/v2\/comments?post=25"}],"version-history":[{"count":14,"href":"https:\/\/sabresconsulting.com\/index.php\/wp-json\/wp\/v2\/pages\/25\/revisions"}],"predecessor-version":[{"id":110,"href":"https:\/\/sabresconsulting.com\/index.php\/wp-json\/wp\/v2\/pages\/25\/revisions\/110"}],"wp:attachment":[{"href":"https:\/\/sabresconsulting.com\/index.php\/wp-json\/wp\/v2\/media?parent=25"}],"curies":[{"name":"wp","href":"https:\/\/api.w.org\/{rel}","templated":true}]}}