{"id":84,"date":"2022-05-24T17:30:30","date_gmt":"2022-05-24T15:30:30","guid":{"rendered":"http:\/\/sabresconsulting.com\/?page_id=84"},"modified":"2022-05-25T10:46:55","modified_gmt":"2022-05-25T08:46:55","slug":"activites-2","status":"publish","type":"page","link":"https:\/\/sabresconsulting.com\/index.php\/activites-2\/","title":{"rendered":"ACTIVITES"},"content":{"rendered":"<p><img loading=\"lazy\" decoding=\"async\" class=\"aligncenter wp-image-80 size-large\" src=\"http:\/\/sabresconsulting.com\/wp-content\/uploads\/2022\/05\/hand-of-businessman-and-social-network-on-tech-1024x487.jpg\" alt=\"\" width=\"525\" height=\"250\" srcset=\"https:\/\/sabresconsulting.com\/wp-content\/uploads\/2022\/05\/hand-of-businessman-and-social-network-on-tech-1024x487.jpg 1024w, https:\/\/sabresconsulting.com\/wp-content\/uploads\/2022\/05\/hand-of-businessman-and-social-network-on-tech-300x143.jpg 300w, https:\/\/sabresconsulting.com\/wp-content\/uploads\/2022\/05\/hand-of-businessman-and-social-network-on-tech-768x366.jpg 768w, https:\/\/sabresconsulting.com\/wp-content\/uploads\/2022\/05\/hand-of-businessman-and-social-network-on-tech-1536x731.jpg 1536w, https:\/\/sabresconsulting.com\/wp-content\/uploads\/2022\/05\/hand-of-businessman-and-social-network-on-tech.jpg 1985w\" sizes=\"auto, (max-width: 525px) 100vw, 525px\" \/><\/p>\n<p>Sp\u00e9cialis\u00e9e dans la lutte contre les malveillances de quelque nature qu\u2019elles soient, quelque soit leur probabilit\u00e9 d\u2019occurrence, o\u00f9 qu\u2019elles se produisent, Sabres Consulting apporte son exp\u00e9rience et son savoir faire dans les domaines suivants :<\/p>\n<ul>\n<li style=\"list-style-type: none;\">\n<ul>\n<li>Protection des int\u00e9r\u00eats des personnes physiques ou morales.<\/li>\n<li>Protection du patrimoine intellectuel, industriel et commercial des entreprises par tous moyens l\u00e9gaux et investigations n\u00e9cessaires et l\u00e9gitimes.<\/li>\n<li>Recherches en sources ouvertes au moyen d\u2019outils modernes performants.<\/li>\n<li>R\u00e9seau international d\u2019op\u00e9rateurs hautement qualifi\u00e9s.<\/li>\n<li>Aide au recrutement des dirigeants et cadres. Gestion des risques li\u00e9s au recrutement.<\/li>\n<\/ul>\n<\/li>\n<\/ul>\n<h3>Engagement de confidentialit\u00e9 et respect de la \u201cPrivacy\u201d<\/h3>\n<p>Nous garantissons \u00e0 nos clients le secret le plus absolu sur nos diligences.<br \/>\nNous ne conservons aucun dossier confi\u00e9 ou rapport \u00e9tabli. Ils sont restitu\u00e9s \u00e0 nos clients, ou d\u00e9truits selon leurs instructions.<br \/>\nNos proc\u00e9dures et celles de nos sous-traitants s\u2019inscrivent dans le respect le plus rigoureux des lois nationales et internationales r\u00e9glementant le traitement des donn\u00e9es des entreprises, des institutions ou des particuliers.<\/p>\n","protected":false},"excerpt":{"rendered":"<p>Sp\u00e9cialis\u00e9e dans la lutte contre les malveillances de quelque nature qu\u2019elles soient, quelque soit leur probabilit\u00e9 d\u2019occurrence, o\u00f9 qu\u2019elles se produisent, Sabres Consulting apporte son exp\u00e9rience et son savoir faire dans les domaines suivants : Protection des int\u00e9r\u00eats des personnes physiques ou morales. Protection du patrimoine intellectuel, industriel et commercial des entreprises par tous moyens &hellip; <\/p>\n<p class=\"link-more\"><a href=\"https:\/\/sabresconsulting.com\/index.php\/activites-2\/\" class=\"more-link\">Continue reading<span class=\"screen-reader-text\"> &#8220;ACTIVITES&#8221;<\/span><\/a><\/p>\n","protected":false},"author":1,"featured_media":0,"parent":0,"menu_order":0,"comment_status":"closed","ping_status":"closed","template":"","meta":{"footnotes":""},"class_list":["post-84","page","type-page","status-publish","hentry"],"yoast_head":"<!-- This site is optimized with the Yoast SEO plugin v19.2 - https:\/\/yoast.com\/wordpress\/plugins\/seo\/ -->\n<title>ACTIVITES - SABRES CONSULTING<\/title>\n<meta name=\"robots\" content=\"index, follow, max-snippet:-1, max-image-preview:large, max-video-preview:-1\" \/>\n<link rel=\"canonical\" href=\"https:\/\/sabresconsulting.com\/index.php\/activites-2\/\" \/>\n<meta property=\"og:locale\" content=\"en_US\" \/>\n<meta property=\"og:type\" content=\"article\" \/>\n<meta property=\"og:title\" content=\"ACTIVITES - SABRES CONSULTING\" \/>\n<meta property=\"og:description\" content=\"Sp\u00e9cialis\u00e9e dans la lutte contre les malveillances de quelque nature qu\u2019elles soient, quelque soit leur probabilit\u00e9 d\u2019occurrence, o\u00f9 qu\u2019elles se produisent, Sabres Consulting apporte son exp\u00e9rience et son savoir faire dans les domaines suivants : Protection des int\u00e9r\u00eats des personnes physiques ou morales. Protection du patrimoine intellectuel, industriel et commercial des entreprises par tous moyens &hellip; Continue reading &quot;ACTIVITES&quot;\" \/>\n<meta property=\"og:url\" content=\"https:\/\/sabresconsulting.com\/index.php\/activites-2\/\" \/>\n<meta property=\"og:site_name\" content=\"SABRES CONSULTING\" \/>\n<meta property=\"article:modified_time\" content=\"2022-05-25T08:46:55+00:00\" \/>\n<meta property=\"og:image\" content=\"http:\/\/sabresconsulting.com\/wp-content\/uploads\/2022\/05\/hand-of-businessman-and-social-network-on-tech-1024x487.jpg\" \/>\n<meta name=\"author\" content=\"admin1737\" \/>\n<meta name=\"twitter:card\" content=\"summary_large_image\" \/>\n<meta name=\"twitter:label1\" content=\"Est. reading time\" \/>\n\t<meta name=\"twitter:data1\" content=\"1 minute\" \/>\n<script type=\"application\/ld+json\" class=\"yoast-schema-graph\">{\"@context\":\"https:\/\/schema.org\",\"@graph\":[{\"@type\":\"Organization\",\"@id\":\"https:\/\/sabresconsulting.com\/#organization\",\"name\":\"SABRES CONSULTING\",\"url\":\"https:\/\/sabresconsulting.com\/\",\"sameAs\":[],\"logo\":{\"@type\":\"ImageObject\",\"inLanguage\":\"en-US\",\"@id\":\"https:\/\/sabresconsulting.com\/#\/schema\/logo\/image\/\",\"url\":\"http:\/\/sabresconsulting.com\/wp-content\/uploads\/2022\/05\/cropped-Logo-SABRES-Rouge-fe.png\",\"contentUrl\":\"http:\/\/sabresconsulting.com\/wp-content\/uploads\/2022\/05\/cropped-Logo-SABRES-Rouge-fe.png\",\"width\":512,\"height\":512,\"caption\":\"SABRES CONSULTING\"},\"image\":{\"@id\":\"https:\/\/sabresconsulting.com\/#\/schema\/logo\/image\/\"}},{\"@type\":\"WebSite\",\"@id\":\"https:\/\/sabresconsulting.com\/#website\",\"url\":\"https:\/\/sabresconsulting.com\/\",\"name\":\"SABRES CONSULTING\",\"description\":\"Analyse de Risques - Intelligence Economique\",\"publisher\":{\"@id\":\"https:\/\/sabresconsulting.com\/#organization\"},\"potentialAction\":[{\"@type\":\"SearchAction\",\"target\":{\"@type\":\"EntryPoint\",\"urlTemplate\":\"https:\/\/sabresconsulting.com\/?s={search_term_string}\"},\"query-input\":\"required name=search_term_string\"}],\"inLanguage\":\"en-US\"},{\"@type\":\"ImageObject\",\"inLanguage\":\"en-US\",\"@id\":\"https:\/\/sabresconsulting.com\/index.php\/activites-2\/#primaryimage\",\"url\":\"https:\/\/sabresconsulting.com\/wp-content\/uploads\/2022\/05\/hand-of-businessman-and-social-network-on-tech.jpg\",\"contentUrl\":\"https:\/\/sabresconsulting.com\/wp-content\/uploads\/2022\/05\/hand-of-businessman-and-social-network-on-tech.jpg\",\"width\":1985,\"height\":945},{\"@type\":\"WebPage\",\"@id\":\"https:\/\/sabresconsulting.com\/index.php\/activites-2\/#webpage\",\"url\":\"https:\/\/sabresconsulting.com\/index.php\/activites-2\/\",\"name\":\"ACTIVITES - SABRES CONSULTING\",\"isPartOf\":{\"@id\":\"https:\/\/sabresconsulting.com\/#website\"},\"primaryImageOfPage\":{\"@id\":\"https:\/\/sabresconsulting.com\/index.php\/activites-2\/#primaryimage\"},\"datePublished\":\"2022-05-24T15:30:30+00:00\",\"dateModified\":\"2022-05-25T08:46:55+00:00\",\"breadcrumb\":{\"@id\":\"https:\/\/sabresconsulting.com\/index.php\/activites-2\/#breadcrumb\"},\"inLanguage\":\"en-US\",\"potentialAction\":[{\"@type\":\"ReadAction\",\"target\":[\"https:\/\/sabresconsulting.com\/index.php\/activites-2\/\"]}]},{\"@type\":\"BreadcrumbList\",\"@id\":\"https:\/\/sabresconsulting.com\/index.php\/activites-2\/#breadcrumb\",\"itemListElement\":[{\"@type\":\"ListItem\",\"position\":1,\"name\":\"Accueil\",\"item\":\"https:\/\/sabresconsulting.com\/\"},{\"@type\":\"ListItem\",\"position\":2,\"name\":\"ACTIVITES\"}]}]}<\/script>\n<!-- \/ Yoast SEO plugin. -->","yoast_head_json":{"title":"ACTIVITES - SABRES CONSULTING","robots":{"index":"index","follow":"follow","max-snippet":"max-snippet:-1","max-image-preview":"max-image-preview:large","max-video-preview":"max-video-preview:-1"},"canonical":"https:\/\/sabresconsulting.com\/index.php\/activites-2\/","og_locale":"en_US","og_type":"article","og_title":"ACTIVITES - SABRES CONSULTING","og_description":"Sp\u00e9cialis\u00e9e dans la lutte contre les malveillances de quelque nature qu\u2019elles soient, quelque soit leur probabilit\u00e9 d\u2019occurrence, o\u00f9 qu\u2019elles se produisent, Sabres Consulting apporte son exp\u00e9rience et son savoir faire dans les domaines suivants : Protection des int\u00e9r\u00eats des personnes physiques ou morales. Protection du patrimoine intellectuel, industriel et commercial des entreprises par tous moyens &hellip; Continue reading \"ACTIVITES\"","og_url":"https:\/\/sabresconsulting.com\/index.php\/activites-2\/","og_site_name":"SABRES CONSULTING","article_modified_time":"2022-05-25T08:46:55+00:00","og_image":[{"url":"http:\/\/sabresconsulting.com\/wp-content\/uploads\/2022\/05\/hand-of-businessman-and-social-network-on-tech-1024x487.jpg"}],"author":"admin1737","twitter_card":"summary_large_image","twitter_misc":{"Est. reading time":"1 minute"},"schema":{"@context":"https:\/\/schema.org","@graph":[{"@type":"Organization","@id":"https:\/\/sabresconsulting.com\/#organization","name":"SABRES CONSULTING","url":"https:\/\/sabresconsulting.com\/","sameAs":[],"logo":{"@type":"ImageObject","inLanguage":"en-US","@id":"https:\/\/sabresconsulting.com\/#\/schema\/logo\/image\/","url":"http:\/\/sabresconsulting.com\/wp-content\/uploads\/2022\/05\/cropped-Logo-SABRES-Rouge-fe.png","contentUrl":"http:\/\/sabresconsulting.com\/wp-content\/uploads\/2022\/05\/cropped-Logo-SABRES-Rouge-fe.png","width":512,"height":512,"caption":"SABRES CONSULTING"},"image":{"@id":"https:\/\/sabresconsulting.com\/#\/schema\/logo\/image\/"}},{"@type":"WebSite","@id":"https:\/\/sabresconsulting.com\/#website","url":"https:\/\/sabresconsulting.com\/","name":"SABRES CONSULTING","description":"Analyse de Risques - Intelligence Economique","publisher":{"@id":"https:\/\/sabresconsulting.com\/#organization"},"potentialAction":[{"@type":"SearchAction","target":{"@type":"EntryPoint","urlTemplate":"https:\/\/sabresconsulting.com\/?s={search_term_string}"},"query-input":"required name=search_term_string"}],"inLanguage":"en-US"},{"@type":"ImageObject","inLanguage":"en-US","@id":"https:\/\/sabresconsulting.com\/index.php\/activites-2\/#primaryimage","url":"https:\/\/sabresconsulting.com\/wp-content\/uploads\/2022\/05\/hand-of-businessman-and-social-network-on-tech.jpg","contentUrl":"https:\/\/sabresconsulting.com\/wp-content\/uploads\/2022\/05\/hand-of-businessman-and-social-network-on-tech.jpg","width":1985,"height":945},{"@type":"WebPage","@id":"https:\/\/sabresconsulting.com\/index.php\/activites-2\/#webpage","url":"https:\/\/sabresconsulting.com\/index.php\/activites-2\/","name":"ACTIVITES - SABRES CONSULTING","isPartOf":{"@id":"https:\/\/sabresconsulting.com\/#website"},"primaryImageOfPage":{"@id":"https:\/\/sabresconsulting.com\/index.php\/activites-2\/#primaryimage"},"datePublished":"2022-05-24T15:30:30+00:00","dateModified":"2022-05-25T08:46:55+00:00","breadcrumb":{"@id":"https:\/\/sabresconsulting.com\/index.php\/activites-2\/#breadcrumb"},"inLanguage":"en-US","potentialAction":[{"@type":"ReadAction","target":["https:\/\/sabresconsulting.com\/index.php\/activites-2\/"]}]},{"@type":"BreadcrumbList","@id":"https:\/\/sabresconsulting.com\/index.php\/activites-2\/#breadcrumb","itemListElement":[{"@type":"ListItem","position":1,"name":"Accueil","item":"https:\/\/sabresconsulting.com\/"},{"@type":"ListItem","position":2,"name":"ACTIVITES"}]}]}},"_links":{"self":[{"href":"https:\/\/sabresconsulting.com\/index.php\/wp-json\/wp\/v2\/pages\/84","targetHints":{"allow":["GET"]}}],"collection":[{"href":"https:\/\/sabresconsulting.com\/index.php\/wp-json\/wp\/v2\/pages"}],"about":[{"href":"https:\/\/sabresconsulting.com\/index.php\/wp-json\/wp\/v2\/types\/page"}],"author":[{"embeddable":true,"href":"https:\/\/sabresconsulting.com\/index.php\/wp-json\/wp\/v2\/users\/1"}],"replies":[{"embeddable":true,"href":"https:\/\/sabresconsulting.com\/index.php\/wp-json\/wp\/v2\/comments?post=84"}],"version-history":[{"count":7,"href":"https:\/\/sabresconsulting.com\/index.php\/wp-json\/wp\/v2\/pages\/84\/revisions"}],"predecessor-version":[{"id":104,"href":"https:\/\/sabresconsulting.com\/index.php\/wp-json\/wp\/v2\/pages\/84\/revisions\/104"}],"wp:attachment":[{"href":"https:\/\/sabresconsulting.com\/index.php\/wp-json\/wp\/v2\/media?parent=84"}],"curies":[{"name":"wp","href":"https:\/\/api.w.org\/{rel}","templated":true}]}}